{"id":6646,"date":"2025-12-25T09:52:52","date_gmt":"2025-12-25T08:52:52","guid":{"rendered":"https:\/\/eysathelabel.com\/?post_type=product&#038;p=6646"},"modified":"2026-02-03T10:22:56","modified_gmt":"2026-02-03T09:22:56","slug":"eysa-tudor-brown","status":"publish","type":"product","link":"https:\/\/eysathelabel.com\/de\/produkt\/eysa-tudor-brown\/","title":{"rendered":"Tudor brown"},"content":{"rendered":"<p data-start=\"455\" data-end=\"683\">Das Kopftuch Eysa vereint Eleganz, Komfort und Funktionalit\u00e4t in einem zeitlosen Design. Gefertigt aus einem weichen und atmungsaktiven Material, f\u00fchlt es sich angenehm auf der Haut an und bietet den ganzen Tag \u00fcber hohen Tragekomfort, selbst an w\u00e4rmeren Tagen.<\/p>\n<p data-start=\"685\" data-end=\"913\">Dank des leichten Materials l\u00e4sst es sich m\u00fchelos stylen, egal ob Sie einen klassischen Wickellook oder einen moderneren Stil bevorzugen. Der Stoff f\u00e4llt wundersch\u00f6n, ohne zu verrutschen, und sorgt so f\u00fcr ein sicheres und komfortables Tragegef\u00fchl von morgens bis abends.<\/p>\n<p data-start=\"915\" data-end=\"1095\">Das vielseitige Kopftuch Eysa passt sowohl zu legeren als auch zu formellen Outfits. Erh\u00e4ltlich in sorgf\u00e4ltig ausgew\u00e4hlten Farben, ist es ein elegantes Must-have f\u00fcr jede Garderobe.<\/p>\n<p data-start=\"1097\" data-end=\"1109\"><strong data-start=\"1097\" data-end=\"1109\">Details:<\/strong><\/p>\n<ul>\n<li data-start=\"1112\" data-end=\"1138\">Weicher und atmungsaktiver Stoff<\/li>\n<li data-start=\"1112\" data-end=\"1138\">Leicht und komfortabel<\/li>\n<li data-start=\"1112\" data-end=\"1138\">Einfach zu stylen und sicher zu befestigen<\/li>\n<li data-start=\"1112\" data-end=\"1138\">Geeignet f\u00fcr den Alltag und besondere Anl\u00e4sse<\/li>\n<\/ul>","protected":false},"excerpt":{"rendered":"<p data-start=\"229\" data-end=\"415\">Das Eysa-Kopftuch ist aus einem weichen, leichten Stoff gefertigt, der sich den ganzen Tag \u00fcber angenehm anf\u00fchlt.<br data-start=\"324\" data-end=\"327\" \/>Elegant, atmungsaktiv und vielseitig kombinierbar \u2013 perfekt f\u00fcr den Alltag oder besondere Anl\u00e4sse.<\/p>\n<p class=\"p1\"><b>Leicht und weich:<\/b> Atmungsaktives Gewebe mit einem glatten, luftigen Tragegef\u00fchl auf der Haut.<br \/>\n<b>Komfort-Stretchgewebe:<\/b> Hergestellt aus 94% Polyester und 6% Elastan f\u00fcr sanfte Dehnbarkeit und ganzt\u00e4gigen Tragekomfort.<br \/>\n<b>Sicherer R\u00fcckenriemen:<\/b> Wird auf der R\u00fcckseite befestigt, um den Schal perfekt an seinem Platz zu halten.<br \/>\n<b>Einteiliges Design:<\/b> Einfach anzuziehen \u2013 keine Nadeln, keine Lagen, kein Aufwand.<br \/>\n<b>Ganzjahresbekleidung:<\/b> Ideal f\u00fcr warme Tage oder f\u00fcr Lagenlooks bei k\u00fchlerem Wetter.<br \/>\n<b>Vollst\u00e4ndige Berichterstattung:<\/b> Entworfen f\u00fcr einen klaren, eleganten Look ohne zus\u00e4tzliches Volumen.<\/p>\n<p class=\"p1\">Ein perfektes Alltagsaccessoire f\u00fcr alle, die Wert auf Schlichtheit, Komfort und m\u00fchelosen Stil legen.<\/p>","protected":false},"featured_media":6647,"comment_status":"open","ping_status":"closed","template":"","meta":[],"product_brand":[],"product_cat":[67],"product_tag":[],"class_list":{"0":"post-6646","1":"product","2":"type-product","3":"status-publish","4":"has-post-thumbnail","6":"product_cat-eysa-scarfs","8":"first","9":"outofstock","10":"taxable","11":"shipping-taxable","12":"purchasable","13":"product-type-simple"},"_links":{"self":[{"href":"https:\/\/eysathelabel.com\/de\/wp-json\/wp\/v2\/product\/6646","targetHints":{"allow":["GET"]}}],"collection":[{"href":"https:\/\/eysathelabel.com\/de\/wp-json\/wp\/v2\/product"}],"about":[{"href":"https:\/\/eysathelabel.com\/de\/wp-json\/wp\/v2\/types\/product"}],"replies":[{"embeddable":true,"href":"https:\/\/eysathelabel.com\/de\/wp-json\/wp\/v2\/comments?post=6646"}],"wp:featuredmedia":[{"embeddable":true,"href":"https:\/\/eysathelabel.com\/de\/wp-json\/wp\/v2\/media\/6647"}],"wp:attachment":[{"href":"https:\/\/eysathelabel.com\/de\/wp-json\/wp\/v2\/media?parent=6646"}],"wp:term":[{"taxonomy":"product_brand","embeddable":true,"href":"https:\/\/eysathelabel.com\/de\/wp-json\/wp\/v2\/product_brand?post=6646"},{"taxonomy":"product_cat","embeddable":true,"href":"https:\/\/eysathelabel.com\/de\/wp-json\/wp\/v2\/product_cat?post=6646"},{"taxonomy":"product_tag","embeddable":true,"href":"https:\/\/eysathelabel.com\/de\/wp-json\/wp\/v2\/product_tag?post=6646"}],"curies":[{"name":"wp","href":"https:\/\/api.w.org\/{rel}","templated":true}]}}