{"id":6643,"date":"2025-12-25T09:52:00","date_gmt":"2025-12-25T08:52:00","guid":{"rendered":"https:\/\/eysathelabel.com\/?post_type=product&#038;p=6643"},"modified":"2026-04-03T01:45:42","modified_gmt":"2026-04-02T23:45:42","slug":"eysa-caramel-latte","status":"publish","type":"product","link":"https:\/\/eysathelabel.com\/fr\/produit\/eysa-caramel-latte\/","title":{"rendered":"Caramel latte meets red"},"content":{"rendered":"<p data-start=\"455\" data-end=\"683\">Le foulard Eysa allie \u00e9l\u00e9gance, confort et praticit\u00e9 dans un design intemporel. Confectionn\u00e9 dans un tissu doux et respirant, il est agr\u00e9able au toucher et offre un confort optimal tout au long de la journ\u00e9e, m\u00eame par temps chaud.<\/p>\n<p data-start=\"685\" data-end=\"913\">Sa texture l\u00e9g\u00e8re facilite le coiffage, que vous optiez pour un style cache-c\u0153ur classique ou une allure plus moderne. Le tissu tombe avec \u00e9l\u00e9gance sans glisser, vous permettant de vous d\u00e9placer avec assurance et confort du matin au soir.<\/p>\n<p data-start=\"915\" data-end=\"1095\">Con\u00e7u pour s&#039;adapter \u00e0 toutes les occasions, le foulard Eysa compl\u00e8te aussi bien les tenues d\u00e9contract\u00e9es que les tenues habill\u00e9es. Propos\u00e9 dans une palette de couleurs soigneusement s\u00e9lectionn\u00e9es, c&#039;est un accessoire raffin\u00e9 et indispensable \u00e0 toute garde-robe.<\/p>\n<p data-start=\"1097\" data-end=\"1109\"><strong data-start=\"1097\" data-end=\"1109\">D\u00e9tails:<\/strong><\/p>\n<ul>\n<li data-start=\"1112\" data-end=\"1138\">Tissu doux et respirant<\/li>\n<li data-start=\"1112\" data-end=\"1138\">L\u00e9ger et confortable<\/li>\n<li data-start=\"1112\" data-end=\"1138\">Facile \u00e0 coiffer et \u00e0 s\u00e9curiser<\/li>\n<li data-start=\"1112\" data-end=\"1138\">Convient pour un usage quotidien et les occasions sp\u00e9ciales<\/li>\n<\/ul>","protected":false},"excerpt":{"rendered":"<p data-start=\"229\" data-end=\"415\">Le foulard Eysa est confectionn\u00e9 dans un tissu doux et l\u00e9ger qui offre un confort optimal tout au long de la journ\u00e9e.<br data-start=\"324\" data-end=\"327\" \/>\u00c9l\u00e9gant, respirant et facile \u00e0 assortir \u2014 parfait pour le quotidien ou les occasions sp\u00e9ciales.<\/p>\n<p class=\"p1\"><b>L\u00e9ger et doux :<\/b> Tissu respirant, doux et a\u00e9r\u00e9 au contact de la peau.<br \/>\n<b>Tissu extensible confortable :<\/b> Fabriqu\u00e9 \u00e0 partir de polyester 94% et d&#039;\u00e9lasthanne 6% pour une \u00e9lasticit\u00e9 douce et un confort tout au long de la journ\u00e9e.<br \/>\n<b>Sangle dorsale s\u00e9curis\u00e9e :<\/b> Se ferme \u00e0 l&#039;arri\u00e8re pour maintenir l&#039;\u00e9charpe parfaitement en place.<br \/>\n<b>Conception monobloc :<\/b> Faciles \u00e0 enfiler \u2014 sans \u00e9pingles, sans couches, sans tracas.<br \/>\n<b>V\u00eatements toutes saisons :<\/b> Id\u00e9al pour les journ\u00e9es chaudes ou pour cr\u00e9er des looks superpos\u00e9s par temps plus frais.<br \/>\n<b>Couverture compl\u00e8te :<\/b> Con\u00e7u pour un aspect \u00e9pur\u00e9 et soign\u00e9, sans volume superflu.<\/p>\n<p class=\"p1\">Un indispensable du quotidien pour celles et ceux qui privil\u00e9gient la simplicit\u00e9, le confort et un style naturel.<\/p>","protected":false},"featured_media":6644,"comment_status":"open","ping_status":"closed","template":"","meta":[],"product_brand":[],"product_cat":[67],"product_tag":[],"class_list":{"0":"post-6643","1":"product","2":"type-product","3":"status-publish","4":"has-post-thumbnail","6":"product_cat-eysa-scarfs","8":"first","9":"instock","10":"taxable","11":"shipping-taxable","12":"purchasable","13":"product-type-simple"},"_links":{"self":[{"href":"https:\/\/eysathelabel.com\/fr\/wp-json\/wp\/v2\/product\/6643","targetHints":{"allow":["GET"]}}],"collection":[{"href":"https:\/\/eysathelabel.com\/fr\/wp-json\/wp\/v2\/product"}],"about":[{"href":"https:\/\/eysathelabel.com\/fr\/wp-json\/wp\/v2\/types\/product"}],"replies":[{"embeddable":true,"href":"https:\/\/eysathelabel.com\/fr\/wp-json\/wp\/v2\/comments?post=6643"}],"wp:featuredmedia":[{"embeddable":true,"href":"https:\/\/eysathelabel.com\/fr\/wp-json\/wp\/v2\/media\/6644"}],"wp:attachment":[{"href":"https:\/\/eysathelabel.com\/fr\/wp-json\/wp\/v2\/media?parent=6643"}],"wp:term":[{"taxonomy":"product_brand","embeddable":true,"href":"https:\/\/eysathelabel.com\/fr\/wp-json\/wp\/v2\/product_brand?post=6643"},{"taxonomy":"product_cat","embeddable":true,"href":"https:\/\/eysathelabel.com\/fr\/wp-json\/wp\/v2\/product_cat?post=6643"},{"taxonomy":"product_tag","embeddable":true,"href":"https:\/\/eysathelabel.com\/fr\/wp-json\/wp\/v2\/product_tag?post=6643"}],"curies":[{"name":"wp","href":"https:\/\/api.w.org\/{rel}","templated":true}]}}